{"id":9,"date":"2020-12-07T08:46:39","date_gmt":"2020-12-07T07:46:39","guid":{"rendered":"http:\/\/masspol.pl\/?page_id=9"},"modified":"2024-07-30T11:08:12","modified_gmt":"2024-07-30T09:08:12","slug":"home","status":"publish","type":"page","link":"https:\/\/masspol.pl\/","title":{"rendered":"Home"},"content":{"rendered":"<p>[et_pb_section fb_built=&#8221;1&#8243; fullwidth=&#8221;on&#8221; admin_label=&#8221;Hero Section&#8221; _builder_version=&#8221;4.16&#8243; background_color=&#8221;#233b4e&#8221; parallax=&#8221;on&#8221; custom_padding=&#8221;0px|0px|0px|0px&#8221; global_colors_info=&#8221;{}&#8221;][et_pb_fullwidth_header title=&#8221;MASSPOL&#8221; header_fullscreen=&#8221;on&#8221; background_overlay_color=&#8221;rgba(29,38,51,0.51)&#8221; content_max_width=&#8221;700px&#8221; admin_label=&#8221;Hero&#8221; _builder_version=&#8221;4.16&#8243; title_font=&#8221;Oswald|on||on|&#8221; title_font_size=&#8221;80px&#8221; title_letter_spacing=&#8221;5px&#8221; title_line_height=&#8221;1.3em&#8221; content_font=&#8221;Roboto||||&#8221; content_font_size=&#8221;24px&#8221; content_letter_spacing=&#8221;7px&#8221; background_color=&#8221;rgba(255,255,255,0)&#8221; background_image=&#8221;https:\/\/masspol.pl\/wp-content\/uploads\/2020\/12\/pexels-shubhankar-4117546-scaled.jpg&#8221; parallax=&#8221;on&#8221; parallax_method=&#8221;on&#8221; custom_button_one=&#8221;on&#8221; button_one_border_radius=&#8221;0px&#8221; button_one_letter_spacing=&#8221;4px&#8221; button_one_font=&#8221;Oswald|on||on|&#8221; button_one_icon=&#8221;&#x24;||divi||400&#8243; button_one_icon_color=&#8221;#ffffff&#8221; animation_style=&#8221;zoom&#8221; animation_direction=&#8221;bottom&#8221; animation_intensity_zoom=&#8221;4%&#8221; button_one_text_color_hover=&#8221;#ffffff&#8221; button_one_border_color_hover=&#8221;#ffffff&#8221; button_one_border_radius_hover=&#8221;0px&#8221; button_one_letter_spacing_hover=&#8221;4px&#8221; button_one_bg_color_hover=&#8221;rgba(0,0,0,0)&#8221; global_colors_info=&#8221;{}&#8221; button_one_text_size__hover_enabled=&#8221;off&#8221; button_two_text_size__hover_enabled=&#8221;off&#8221; button_one_text_color__hover_enabled=&#8221;on&#8221; button_one_text_color__hover=&#8221;#ffffff&#8221; button_two_text_color__hover_enabled=&#8221;off&#8221; button_one_border_width__hover_enabled=&#8221;off&#8221; button_two_border_width__hover_enabled=&#8221;off&#8221; button_one_border_color__hover_enabled=&#8221;on&#8221; button_one_border_color__hover=&#8221;#ffffff&#8221; button_two_border_color__hover_enabled=&#8221;off&#8221; button_one_border_radius__hover_enabled=&#8221;on&#8221; button_one_border_radius__hover=&#8221;0px&#8221; button_two_border_radius__hover_enabled=&#8221;off&#8221; button_one_letter_spacing__hover_enabled=&#8221;on&#8221; button_one_letter_spacing__hover=&#8221;4px&#8221; button_two_letter_spacing__hover_enabled=&#8221;off&#8221; button_one_bg_color__hover_enabled=&#8221;on&#8221; button_one_bg_color__hover=&#8221;rgba(0,0,0,0)&#8221; button_two_bg_color__hover_enabled=&#8221;off&#8221;]<\/p>\n<p>Rozlewnia w\u00f3d mineralnych<\/p>\n<p>[\/et_pb_fullwidth_header][\/et_pb_section][et_pb_section fb_built=&#8221;1&#8243; _builder_version=&#8221;4.18.0&#8243; _module_preset=&#8221;default&#8221; global_colors_info=&#8221;{}&#8221;][et_pb_row _builder_version=&#8221;4.18.0&#8243; _module_preset=&#8221;default&#8221; global_colors_info=&#8221;{}&#8221;][et_pb_column type=&#8221;4_4&#8243; _builder_version=&#8221;4.18.0&#8243; _module_preset=&#8221;default&#8221; global_colors_info=&#8221;{}&#8221;][et_pb_text _builder_version=&#8221;4.18.0&#8243; _module_preset=&#8221;default&#8221; text_font_size=&#8221;14px&#8221; hover_enabled=&#8221;0&#8243; global_colors_info=&#8221;{}&#8221; sticky_enabled=&#8221;0&#8243;]<\/p>\n<p><strong>Komunikat o planie po\u0142\u0105czenia sp\u00f3\u0142ek<\/strong><\/p>\n<p>Zarz\u0105dy sp\u00f3\u0142ek Masspol Sp. z o.o. z siedzib\u0105 w Zubrzyku (KRS 0000196600) (Sp\u00f3\u0142ka przejmuj\u0105ca) oraz PWM Infrastruktura Sp. z o.o. z siedzib\u0105 w Nowym S\u0105czu (KRS 0000896562) (Sp\u00f3\u0142ka przejmowana), dzia\u0142aj\u0105c zgodnie z przepisem art. 500 \u00a7 21 KSH niniejszym udost\u0119pniaj\u0105 do publicznej wiadomo\u015bci Plan Po\u0142\u0105czenia sp\u00f3\u0142ek Masspol Sp. z o.o. oraz PWM Infrastruktura Sp. z o.o. przyj\u0119ty w dniu 17 lipca 2024 roku.<\/p>\n<p>Plan po\u0142\u0105czenia sporz\u0105dzany zosta\u0142 na podstawie przepis\u00f3w art. 498 i 499 Kodeksu sp\u00f3\u0142ek handlowych i udost\u0119pniony zostaje na stronach internetowych Sp\u00f3\u0142ki przejmuj\u0105cej i Sp\u00f3\u0142ki przejmowanej tj. odpowiednio: www.masspol.pl oraz www.pwm-infrastruktura.pl pocz\u0105wszy od dnia 29 lipca 2024 roku nieprzerwanie do dnia zako\u0144czenia zgromadzenia wsp\u00f3lnik\u00f3w podejmuj\u0105cego uchwa\u0142\u0119 w sprawie po\u0142\u0105czenia.<\/p>\n<p><a href=\"https:\/\/masspol.pl\/wp-content\/uploads\/2024\/07\/20240717_Masspol_plan-polaczenia-z-PWM-Infrastruktura_fin.pdf\"><strong>Plan po\u0142\u0105czenia &#8211; dokument pdf<\/strong><\/a><\/p>\n<p>[\/et_pb_text][\/et_pb_column][\/et_pb_row][\/et_pb_section][et_pb_section fb_built=&#8221;1&#8243; _builder_version=&#8221;4.16&#8243; background_color=&#8221;#f4f4f4&#8243; custom_padding=&#8221;110px||110px|&#8221; global_colors_info=&#8221;{}&#8221;][et_pb_row column_structure=&#8221;1_2,1_2&#8243; _builder_version=&#8221;4.16&#8243; global_colors_info=&#8221;{}&#8221;][et_pb_column type=&#8221;1_2&#8243; _builder_version=&#8221;4.16&#8243; custom_padding=&#8221;|||&#8221; global_colors_info=&#8221;{}&#8221; custom_padding__hover=&#8221;|||&#8221;][et_pb_text admin_label=&#8221;Top Destination Title&#8221; _builder_version=&#8221;4.16&#8243; text_font=&#8221;||||&#8221; text_text_color=&#8221;#1a1a1a&#8221; header_font=&#8221;Oswald|on||on|&#8221; header_text_align=&#8221;left&#8221; header_font_size=&#8221;60px&#8221; header_line_height=&#8221;1.3em&#8221; custom_margin=&#8221;|||&#8221; custom_padding=&#8221;|||&#8221; animation_style=&#8221;slide&#8221; animation_direction=&#8221;top&#8221; animation_intensity_slide=&#8221;10%&#8221; locked=&#8221;off&#8221; global_colors_info=&#8221;{}&#8221;]<\/p>\n<h1>Wody Mineralne<\/h1>\n<p>[\/et_pb_text][et_pb_divider color=&#8221;#ed4441&#8243; divider_position=&#8221;center&#8221; divider_weight=&#8221;3px&#8221; disabled_on=&#8221;off|off|off&#8221; _builder_version=&#8221;4.16&#8243; max_width=&#8221;150px&#8221; height=&#8221;false&#8221; animation_style=&#8221;slide&#8221; animation_direction=&#8221;top&#8221; animation_delay=&#8221;100ms&#8221; animation_intensity_slide=&#8221;10%&#8221; locked=&#8221;off&#8221; global_colors_info=&#8221;{}&#8221;][\/et_pb_divider][et_pb_text admin_label=&#8221;Top Destination Sub Title&#8221; _builder_version=&#8221;4.16&#8243; text_font=&#8221;Roboto||||&#8221; text_text_color=&#8221;#1a1a1a&#8221; text_font_size=&#8221;24px&#8221; text_line_height=&#8221;1.4em&#8221; background_image=&#8221;https:\/\/masspol.pl\/wp-content\/uploads\/2020\/12\/pexels-viajero-3775199.jpg&#8221; width=&#8221;100%&#8221; max_width=&#8221;100%&#8221; height=&#8221;755px&#8221; max_height=&#8221;1000px&#8221; custom_padding=&#8221;30px|||&#8221; animation_style=&#8221;slide&#8221; animation_direction=&#8221;top&#8221; animation_delay=&#8221;200ms&#8221; animation_intensity_slide=&#8221;10%&#8221; locked=&#8221;off&#8221; global_colors_info=&#8221;{}&#8221;][\/et_pb_text][\/et_pb_column][et_pb_column type=&#8221;1_2&#8243; _builder_version=&#8221;4.16&#8243; custom_padding=&#8221;|||&#8221; global_colors_info=&#8221;{}&#8221; custom_padding__hover=&#8221;|||&#8221;][et_pb_text admin_label=&#8221;Top Destination Text&#8221; _builder_version=&#8221;4.16&#8243; text_font=&#8221;Roboto||||||||&#8221; text_font_size=&#8221;16px&#8221; text_line_height=&#8221;1.9em&#8221; custom_padding=&#8221;||60px|&#8221; animation_style=&#8221;slide&#8221; animation_direction=&#8221;top&#8221; animation_intensity_slide=&#8221;4%&#8221; locked=&#8221;off&#8221; global_colors_info=&#8221;{}&#8221;]<\/p>\n<p style=\"text-align: justify;\"><b><span style=\"color: black;\">Wody mineralne, wody lecznicze stanowi\u0105 niezaprzeczalne bogactwo tego rejonu i s\u0105 \u017ar\u00f3d\u0142em rozwoju licznych uzdrowisk (Dolina Popradu to wielkie zag\u0142\u0119bie balneologiczne)<\/span><\/b><span style=\"color: black;\">.<\/span><\/p>\n<p style=\"text-align: justify;\">Do najwi\u0119kszych i najstarszych nale\u017c\u0105: Szczawnica, Piwniczna-Zdr\u00f3j, \u017begiest\u00f3w-Zdr\u00f3j, Muszyna i Krynica-Zdr\u00f3j. Przewa\u017caj\u0105 tu szczawy, szczeg\u00f3lnie w cz\u0119\u015bci po\u0142udniowej Parku, tj. wody mineralne zawieraj\u0105cy wolny CO<sup style=\"font-size:12px;\">2<\/sup> w ilo\u015bci powy\u017cej 1 g\/dm<sup style=\"font-size:12px;\">3<\/sup> oraz sporadycznie \u017ar\u00f3d\u0142a siarczkowe. Na terenie Parku wyst\u0119puj\u0105 tak\u017ce niezwykle cenione w procesie leczniczym surowce balneologiczne w postaci borowin (peloidy torfowe). Osobliwo\u015bci\u0105 geologiczn\u0105 Parku s\u0105 mofety. Mofety i naturalne \u017ar\u00f3d\u0142a w\u00f3d mineralnych uznane s\u0105 za pomniki przyrody.<\/p>\n<p>[\/et_pb_text][\/et_pb_column][\/et_pb_row][\/et_pb_section][et_pb_section fb_built=&#8221;1&#8243; _builder_version=&#8221;4.16&#8243; custom_padding=&#8221;110px||110px|&#8221; link_option_url=&#8221;Polozenie&#8221; global_colors_info=&#8221;{}&#8221;][et_pb_row column_structure=&#8221;1_2,1_2&#8243; module_id=&#8221;Polozenie&#8221; _builder_version=&#8221;4.16&#8243; global_colors_info=&#8221;{}&#8221;][et_pb_column type=&#8221;1_2&#8243; _builder_version=&#8221;4.16&#8243; custom_padding=&#8221;|||&#8221; global_colors_info=&#8221;{}&#8221; custom_padding__hover=&#8221;|||&#8221;][et_pb_text admin_label=&#8221;Discover Beatuty Sub Title&#8221; _builder_version=&#8221;4.16&#8243; text_font=&#8221;Roboto||||&#8221; text_text_color=&#8221;#1a1a1a&#8221; text_font_size=&#8221;24px&#8221; text_line_height=&#8221;1.4em&#8221; animation_style=&#8221;slide&#8221; animation_direction=&#8221;top&#8221; animation_intensity_slide=&#8221;10%&#8221; global_colors_info=&#8221;{}&#8221;]<\/p>\n<p style=\"text-align: justify;\"><em>Rozlewnia w\u00f3d mineralnych Masspol <\/em><em>(zak\u0142ad oraz uj\u0119cia w\u00f3d) zlokalizowana jest w Beskidzie S\u0105deckim na terenie Popradzkiego Parku Krajobrazowego.<\/em><\/p>\n<p>[\/et_pb_text][et_pb_divider color=&#8221;#ed4441&#8243; divider_position=&#8221;center&#8221; divider_weight=&#8221;3px&#8221; disabled_on=&#8221;off|off|off&#8221; _builder_version=&#8221;4.16&#8243; max_width=&#8221;150px&#8221; height=&#8221;false&#8221; animation_style=&#8221;slide&#8221; animation_direction=&#8221;top&#8221; animation_delay=&#8221;100ms&#8221; animation_intensity_slide=&#8221;10%&#8221; global_colors_info=&#8221;{}&#8221;][\/et_pb_divider][et_pb_text admin_label=&#8221;Discover Beatuty Text&#8221; _builder_version=&#8221;4.16&#8243; text_font=&#8221;Roboto||||&#8221; text_font_size=&#8221;16px&#8221; text_line_height=&#8221;1.9em&#8221; custom_padding=&#8221;30px|||&#8221; animation_style=&#8221;slide&#8221; animation_direction=&#8221;top&#8221; animation_delay=&#8221;200ms&#8221; animation_intensity_slide=&#8221;10%&#8221; global_colors_info=&#8221;{}&#8221;]<\/p>\n<p style=\"text-align: justify;\"><strong>POPRADZKI PARK KRAJOBRAZOWY<\/strong> to jeden z najstarszych park\u00f3w krajobrazowych na terenie Karpat. Rozci\u0105ga si\u0119 on na terenie Beskidu S\u0105deckiego z jego dwoma pasmami (Radziejowej i Jaworzyny Krynickiej) oraz obejmuje tak\u017ce po\u0142o\u017con\u0105 w granicach Polski cz\u0119\u015b\u0107 G\u00f3r Czerchowskich oraz cz\u0119\u015bci\u0105 otuliny obszar Ma\u0142ych Pienin. Zlokalizowany jest w po\u0142udniowej cz\u0119\u015bci wojew\u00f3dztwa ma\u0142opolskiego, na pograniczu ze S\u0142owacj\u0105.<br \/>Mapa Popradzkiego Parku Krajobrazowego Beskid S\u0105deckiPowierzchnia Parku wynosi \u0142\u0105cznie 54 000 ha, Oko\u0142o 70 % powierzchni stanowi\u0105 lasy . Charakteryzuje si\u0119 du\u017c\u0105 ilo\u015bci\u0105 \u017ar\u00f3de\u0142 w\u00f3d mineralnych (70 uj\u0119\u0107, co stanowi 20% wszystkich zasob\u00f3w w Polsce). Na jego obszarze wytyczono kilkana\u015bcie rezerwat\u00f3w przyrody i \u015bcie\u017cek przyrodniczych. Rosn\u0105 tutaj g\u0142\u00f3wnie: buk, jod\u0142a, lipa oraz olcha.. Popradzki Park Krajobrazowy jest jednym z najbogatszych przyrodniczo i najpi\u0119kniejszych krajobrazowo teren\u00f3w Polski.<\/p>\n<p style=\"text-align: justify;\">Park po\u0142o\u017cony jest w dorzeczu trzech rzek: Dunajca, Popradu i Kamienicy Nawojowskiej, kt\u00f3re tak\u017ce wyznaczaj\u0105 jego granice. Jego obszar charakteryzuje si\u0119 du\u017cymi aczkolwiek nier\u00f3wnomiernie roz\u0142o\u017conymi zasobami w\u00f3d powierzchniowych oraz wyst\u0119powaniem licznych \u017ar\u00f3de\u0142 mineralnych.<\/p>\n<p>[\/et_pb_text][et_pb_image src=&#8221;https:\/\/masspol.pl\/wp-content\/uploads\/2020\/12\/pkpo.jpg&#8221; title_text=&#8221;pkpo&#8221; show_in_lightbox=&#8221;on&#8221; force_fullwidth=&#8221;on&#8221; align_tablet=&#8221;center&#8221; align_phone=&#8221;&#8221; align_last_edited=&#8221;on|desktop&#8221; _builder_version=&#8221;4.18.0&#8243; _dynamic_attributes=&#8221;url&#8221; custom_margin=&#8221;90px|||&#8221; animation_style=&#8221;fold&#8221; animation_direction=&#8221;left&#8221; animation_intensity_fold=&#8221;20%&#8221; animation=&#8221;fade_in&#8221; global_colors_info=&#8221;{}&#8221;][\/et_pb_image][\/et_pb_column][et_pb_column type=&#8221;1_2&#8243; _builder_version=&#8221;4.16&#8243; custom_padding=&#8221;|||&#8221; global_colors_info=&#8221;{}&#8221; custom_padding__hover=&#8221;|||&#8221;][et_pb_text admin_label=&#8221;Discover Beatuty Title&#8221; _builder_version=&#8221;4.16&#8243; text_font=&#8221;||||&#8221; text_text_color=&#8221;#1a1a1a&#8221; header_font=&#8221;Oswald|on||on|&#8221; header_text_align=&#8221;right&#8221; header_font_size=&#8221;60px&#8221; header_line_height=&#8221;1.3em&#8221; animation_style=&#8221;slide&#8221; animation_direction=&#8221;top&#8221; animation_intensity_slide=&#8221;10%&#8221; global_colors_info=&#8221;{}&#8221;]<\/p>\n<h1>Po\u0142o\u017cenie<\/h1>\n<p>[\/et_pb_text][et_pb_image src=&#8221;https:\/\/masspol.pl\/wp-content\/uploads\/2020\/12\/pexels-josh-hild-2607492-scaled.jpg&#8221; title_text=&#8221;pexels-josh-hild-2607492&#8243; show_in_lightbox=&#8221;on&#8221; force_fullwidth=&#8221;on&#8221; align_tablet=&#8221;center&#8221; align_phone=&#8221;&#8221; align_last_edited=&#8221;on|desktop&#8221; _builder_version=&#8221;4.18.0&#8243; custom_margin=&#8221;90px|||&#8221; animation_style=&#8221;fold&#8221; animation_direction=&#8221;right&#8221; animation_intensity_fold=&#8221;20%&#8221; animation=&#8221;fade_in&#8221; global_colors_info=&#8221;{}&#8221;][\/et_pb_image][et_pb_image src=&#8221;https:\/\/masspol.pl\/wp-content\/uploads\/2020\/12\/MassPol-logo.jpg&#8221; title_text=&#8221;MassPol &#8211; logo&#8221; show_in_lightbox=&#8221;on&#8221; _builder_version=&#8221;4.18.0&#8243; _module_preset=&#8221;default&#8221; global_colors_info=&#8221;{}&#8221;][\/et_pb_image][\/et_pb_column][\/et_pb_row][\/et_pb_section][et_pb_section fb_built=&#8221;1&#8243; admin_label=&#8221;CTA&#8221; _builder_version=&#8221;4.16&#8243; background_image=&#8221;https:\/\/masspol.pl\/wp-content\/uploads\/2020\/12\/travel-landscape-13.png&#8221; parallax=&#8221;on&#8221; custom_margin=&#8221;|||&#8221; custom_padding=&#8221;0px|||&#8221; global_colors_info=&#8221;{}&#8221;][et_pb_row use_custom_gutter=&#8221;on&#8221; gutter_width=&#8221;1&#8243; custom_padding_last_edited=&#8221;on|tablet&#8221; module_id=&#8221;Kontakt&#8221; module_class=&#8221; et_pb_row_fullwidth&#8221; _builder_version=&#8221;4.16&#8243; use_background_color_gradient=&#8221;on&#8221; background_color_gradient_stops=&#8221;#ffffff 0%|rgba(255,255,255,0) 22%&#8221; background_color_gradient_start=&#8221;#ffffff&#8221; background_color_gradient_end=&#8221;rgba(255,255,255,0)&#8221; background_color_gradient_end_position=&#8221;22%&#8221; width=&#8221;100%&#8221; width_tablet=&#8221;100%&#8221; width_phone=&#8221;&#8221; width_last_edited=&#8221;on|desktop&#8221; max_width=&#8221;100%&#8221; max_width_tablet=&#8221;100%&#8221; max_width_phone=&#8221;&#8221; max_width_last_edited=&#8221;on|desktop&#8221; custom_padding=&#8221;220px|0px|220px|0px&#8221; custom_padding_tablet=&#8221;0px|||&#8221; custom_padding_phone=&#8221;&#8221; make_fullwidth=&#8221;on&#8221; global_colors_info=&#8221;{}&#8221;][et_pb_column type=&#8221;4_4&#8243; _builder_version=&#8221;4.16&#8243; custom_padding=&#8221;|||&#8221; global_colors_info=&#8221;{}&#8221; custom_padding__hover=&#8221;|||&#8221;][et_pb_text admin_label=&#8221;CTA Section Title&#8221; _builder_version=&#8221;4.16&#8243; text_font=&#8221;||||&#8221; text_line_height=&#8221;1em&#8221; header_font=&#8221;Oswald|on||on|&#8221; header_text_align=&#8221;center&#8221; header_font_size=&#8221;60px&#8221; header_line_height=&#8221;1.3em&#8221; module_alignment=&#8221;center&#8221; custom_margin=&#8221;||60px|&#8221; custom_padding=&#8221;|||&#8221; animation_style=&#8221;slide&#8221; animation_direction=&#8221;top&#8221; animation_intensity_slide=&#8221;10%&#8221; locked=&#8221;off&#8221; global_colors_info=&#8221;{}&#8221;]<\/p>\n<h1>Skontaktuj si\u0119 z nami<\/h1>\n<p>[\/et_pb_text][et_pb_button button_url=&#8221;@ET-DC@eyJkeW5hbWljIjp0cnVlLCJjb250ZW50IjoicG9zdF9saW5rX3VybF9wYWdlIiwic2V0dGluZ3MiOnsicG9zdF9pZCI6IjIzNiJ9fQ==@&#8221; button_text=&#8221;Kontakt&#8221; button_alignment=&#8221;center&#8221; _builder_version=&#8221;4.18.0&#8243; _dynamic_attributes=&#8221;button_url&#8221; custom_button=&#8221;on&#8221; button_text_color=&#8221;#ffffff&#8221; button_bg_color=&#8221;#000000&#8243; button_border_color=&#8221;#000000&#8243; button_border_radius=&#8221;0px&#8221; button_letter_spacing=&#8221;4px&#8221; button_font=&#8221;Oswald|on||on|&#8221; button_icon=&#8221;&#x24;||divi||400&#8243; button_icon_color=&#8221;#1a1a1a&#8221; button_border_color_hover=&#8221;#1a1a1a&#8221; button_border_radius_hover=&#8221;0px&#8221; button_letter_spacing_hover=&#8221;4px&#8221; button_bg_color_hover=&#8221;rgba(0,0,0,0)&#8221; locked=&#8221;off&#8221; global_colors_info=&#8221;{}&#8221; button_text_size__hover_enabled=&#8221;off&#8221; button_one_text_size__hover_enabled=&#8221;off&#8221; button_two_text_size__hover_enabled=&#8221;off&#8221; button_text_color__hover_enabled=&#8221;off&#8221; button_one_text_color__hover_enabled=&#8221;off&#8221; button_two_text_color__hover_enabled=&#8221;off&#8221; button_border_width__hover_enabled=&#8221;off&#8221; button_one_border_width__hover_enabled=&#8221;off&#8221; button_two_border_width__hover_enabled=&#8221;off&#8221; button_border_color__hover_enabled=&#8221;on&#8221; button_border_color__hover=&#8221;#1a1a1a&#8221; button_one_border_color__hover_enabled=&#8221;off&#8221; button_two_border_color__hover_enabled=&#8221;off&#8221; button_border_radius__hover_enabled=&#8221;on&#8221; button_border_radius__hover=&#8221;0px&#8221; button_one_border_radius__hover_enabled=&#8221;off&#8221; button_two_border_radius__hover_enabled=&#8221;off&#8221; button_letter_spacing__hover_enabled=&#8221;on&#8221; button_letter_spacing__hover=&#8221;4px&#8221; button_one_letter_spacing__hover_enabled=&#8221;off&#8221; button_two_letter_spacing__hover_enabled=&#8221;off&#8221; button_bg_color__hover_enabled=&#8221;on&#8221; button_bg_color__hover=&#8221;rgba(0,0,0,0)&#8221; button_one_bg_color__hover_enabled=&#8221;off&#8221; button_two_bg_color__hover_enabled=&#8221;off&#8221;][\/et_pb_button][et_pb_image show_bottom_space=&#8221;off&#8221; align=&#8221;center&#8221; align_tablet=&#8221;center&#8221; align_phone=&#8221;&#8221; align_last_edited=&#8221;on|desktop&#8221; _builder_version=&#8221;4.16&#8243; custom_margin=&#8221;100px|||&#8221; global_colors_info=&#8221;{}&#8221;][\/et_pb_image][\/et_pb_column][\/et_pb_row][\/et_pb_section]<\/p>\n","protected":false},"excerpt":{"rendered":"<p>Rozlewnia w\u00f3d mineralnychKomunikat o planie po\u0142\u0105czenia sp\u00f3\u0142ek Zarz\u0105dy sp\u00f3\u0142ek Masspol Sp. z o.o. z siedzib\u0105 w Zubrzyku (KRS 0000196600) (Sp\u00f3\u0142ka przejmuj\u0105ca) oraz PWM Infrastruktura Sp. z o.o. z siedzib\u0105 w Nowym S\u0105czu (KRS 0000896562) (Sp\u00f3\u0142ka przejmowana), dzia\u0142aj\u0105c zgodnie z przepisem art. 500 \u00a7 21 KSH niniejszym udost\u0119pniaj\u0105 do publicznej wiadomo\u015bci Plan Po\u0142\u0105czenia sp\u00f3\u0142ek Masspol Sp. [&hellip;]<\/p>\n","protected":false},"author":1,"featured_media":0,"parent":0,"menu_order":0,"comment_status":"closed","ping_status":"closed","template":"","meta":{"_et_pb_use_builder":"on","_et_pb_old_content":"","_et_gb_content_width":"","footnotes":""},"class_list":["post-9","page","type-page","status-publish","hentry"],"_links":{"self":[{"href":"https:\/\/masspol.pl\/index.php\/wp-json\/wp\/v2\/pages\/9","targetHints":{"allow":["GET"]}}],"collection":[{"href":"https:\/\/masspol.pl\/index.php\/wp-json\/wp\/v2\/pages"}],"about":[{"href":"https:\/\/masspol.pl\/index.php\/wp-json\/wp\/v2\/types\/page"}],"author":[{"embeddable":true,"href":"https:\/\/masspol.pl\/index.php\/wp-json\/wp\/v2\/users\/1"}],"replies":[{"embeddable":true,"href":"https:\/\/masspol.pl\/index.php\/wp-json\/wp\/v2\/comments?post=9"}],"version-history":[{"count":57,"href":"https:\/\/masspol.pl\/index.php\/wp-json\/wp\/v2\/pages\/9\/revisions"}],"predecessor-version":[{"id":266,"href":"https:\/\/masspol.pl\/index.php\/wp-json\/wp\/v2\/pages\/9\/revisions\/266"}],"wp:attachment":[{"href":"https:\/\/masspol.pl\/index.php\/wp-json\/wp\/v2\/media?parent=9"}],"curies":[{"name":"wp","href":"https:\/\/api.w.org\/{rel}","templated":true}]}}